{"id":301,"date":"2026-04-04T02:22:29","date_gmt":"2026-04-04T00:22:29","guid":{"rendered":"https:\/\/www.pragmawire.com\/?page_id=301"},"modified":"2026-04-04T04:11:08","modified_gmt":"2026-04-04T02:11:08","slug":"novedades","status":"publish","type":"page","link":"https:\/\/www.pragmawire.com\/en\/inicio\/novedades\/","title":{"rendered":"Novedades"},"content":{"rendered":"<div class=\"wp-block-group alignfull is-style-ext-preset--group--natural-1--section ext-animate--on has-background-background-color has-background has-global-padding is-layout-constrained wp-container-core-group-is-layout-e955bbaf wp-block-group-is-layout-constrained\" style=\"margin-top:0;margin-bottom:0;padding-top:var(--wp--preset--spacing--70);padding-bottom:var(--wp--preset--spacing--70)\">\n<div data-wp-context=\"{}\" data-wp-interactive=\"core\/query\" data-wp-key=\"10\" data-wp-router-region=\"query-10\" class=\"wp-block-query alignwide ext-animate--on has-global-padding is-layout-constrained wp-container-core-query-is-layout-f1ba3e7e wp-block-query-is-layout-constrained\"><ul class=\"wp-block-post-template is-layout-flow wp-block-post-template-is-layout-flow\"><li data-wp-key=\"post-template-item-46\" class=\"wp-block-post post-46 post type-post status-publish format-standard has-post-thumbnail hentry category-novedades\">\n\n<div class=\"wp-block-media-text is-stacked-on-mobile is-image-fill-element is-style-ext-preset--media-text--natural-1--card-1 ext-animate--on has-tertiary-background-color has-background is-style-ext-preset--media-text--natural-1--card-1--2\" style=\"grid-template-columns:33% auto\"><figure  class=\"wp-block-media-text__media\"><img data-recalc-dims=\"1\" loading=\"lazy\" decoding=\"async\" width=\"1880\" height=\"1253\" data-attachment-id=\"150\" data-permalink=\"https:\/\/www.pragmawire.com\/en\/como-detectar-una-estafa-tecnologica\/pexels-photo-5054355-1\/\" data-orig-file=\"https:\/\/i0.wp.com\/www.pragmawire.com\/wp-content\/uploads\/2026\/04\/pexels-photo-5054355-1.jpeg?fit=1880%2C1253&amp;ssl=1\" data-orig-size=\"1880,1253\" data-comments-opened=\"1\" data-image-meta=\"{&quot;aperture&quot;:&quot;0&quot;,&quot;credit&quot;:&quot;&quot;,&quot;camera&quot;:&quot;&quot;,&quot;caption&quot;:&quot;Photo by cottonbro studio on &lt;a href=\\&quot;https:\/\/www.pexels.com\/photo\/holding-a-smartphone-5054355\/\\&quot; rel=\\&quot;nofollow\\&quot;&gt;Pexels.com&lt;\/a&gt;&quot;,&quot;created_timestamp&quot;:&quot;0&quot;,&quot;copyright&quot;:&quot;&quot;,&quot;focal_length&quot;:&quot;0&quot;,&quot;iso&quot;:&quot;0&quot;,&quot;shutter_speed&quot;:&quot;0&quot;,&quot;title&quot;:&quot;holding a smartphone&quot;,&quot;orientation&quot;:&quot;0&quot;}\" data-image-title=\"pexels-photo-5054355-1\" data-image-description=\"\" data-image-caption=\"&lt;p&gt;Photo by cottonbro studio on &lt;a href=&quot;https:\/\/www.pexels.com\/photo\/holding-a-smartphone-5054355\/&quot; rel=&quot;nofollow&quot;&gt;Pexels.com&lt;\/a&gt;&lt;\/p&gt;\" data-medium-file=\"https:\/\/i0.wp.com\/www.pragmawire.com\/wp-content\/uploads\/2026\/04\/pexels-photo-5054355-1.jpeg?fit=300%2C200&amp;ssl=1\" data-large-file=\"https:\/\/i0.wp.com\/www.pragmawire.com\/wp-content\/uploads\/2026\/04\/pexels-photo-5054355-1.jpeg?fit=1024%2C682&amp;ssl=1\" alt=\"holding a smartphone\" src=\"https:\/\/i0.wp.com\/www.pragmawire.com\/wp-content\/uploads\/2026\/04\/pexels-photo-5054355-1.jpeg?resize=1880%2C1253&#038;ssl=1\" style=\"object-position:50% 50%;\" class=\"wp-image-150 size-full\" srcset=\"https:\/\/i0.wp.com\/www.pragmawire.com\/wp-content\/uploads\/2026\/04\/pexels-photo-5054355-1.jpeg?w=1880&amp;ssl=1 1880w, https:\/\/i0.wp.com\/www.pragmawire.com\/wp-content\/uploads\/2026\/04\/pexels-photo-5054355-1.jpeg?resize=300%2C200&amp;ssl=1 300w, https:\/\/i0.wp.com\/www.pragmawire.com\/wp-content\/uploads\/2026\/04\/pexels-photo-5054355-1.jpeg?resize=1024%2C682&amp;ssl=1 1024w, https:\/\/i0.wp.com\/www.pragmawire.com\/wp-content\/uploads\/2026\/04\/pexels-photo-5054355-1.jpeg?resize=768%2C512&amp;ssl=1 768w, https:\/\/i0.wp.com\/www.pragmawire.com\/wp-content\/uploads\/2026\/04\/pexels-photo-5054355-1.jpeg?resize=1536%2C1024&amp;ssl=1 1536w, https:\/\/i0.wp.com\/www.pragmawire.com\/wp-content\/uploads\/2026\/04\/pexels-photo-5054355-1.jpeg?resize=18%2C12&amp;ssl=1 18w\" sizes=\"auto, (max-width: 1000px) 100vw, 1000px\" \/><\/figure><div class=\"wp-block-media-text__content\">\n<div class=\"wp-block-group is-style-default ext-animate--on is-layout-flow wp-block-group-is-layout-flow\"><div style=\"font-size:14px;font-style:normal;font-weight:600\" class=\"taxonomy-category has-link-color wp-elements-0b88878ed07489674acf66d42f03c23b wp-block-post-terms\"><a href=\"https:\/\/www.pragmawire.com\/en\/category\/novedades\/\" rel=\"tag\">Novedades<\/a><\/div>\n\n<h3 style=\"font-size:clamp(0.984rem, 0.984rem + ((1vw - 0.2rem) * 0.86), 1.5rem); margin-bottom:8px;margin-top:12px;\" class=\"wp-block-post-title\"><a href=\"https:\/\/www.pragmawire.com\/en\/como-detectar-una-estafa-tecnologica\/\" target=\"_self\" >C\u00f3mo detectar una estafa tecnol\u00f3gica: 7 se\u00f1ales claras para evitar fraudes online<\/a><\/h3>\n\n<div style=\"margin-top:8px;margin-bottom:0;\" class=\"wp-block-post-excerpt has-small-font-size\"><p class=\"wp-block-post-excerpt__excerpt\">Este contenido describe la estructura y el prop\u00f3sito de un art\u00edculo de blog. Comienza con una introducci\u00f3n que capta el inter\u00e9s, seguido de un desarrollo de ideas con ejemplos y an\u00e1lisis. Se&hellip;<\/p><p class=\"wp-block-post-excerpt__more-text\"><a class=\"wp-block-post-excerpt__more-link\" href=\"https:\/\/www.pragmawire.com\/en\/como-detectar-una-estafa-tecnologica\/\">Leer m<\/a><\/p><\/div>\n\n\n<div class=\"wp-block-group ext-animate--on is-nowrap is-layout-flex wp-container-core-group-is-layout-3d15ce75 wp-block-group-is-layout-flex\" style=\"margin-top:24px;padding-top:0;padding-right:0;padding-bottom:0;padding-left:0\"><div class=\"wp-block-avatar\"><a href=\"https:\/\/www.pragmawire.com\/en\/author\/admin\/\" target=\"_self\"  class=\"wp-block-avatar__link\"><img alt='PragmaWire Avatar' src='https:\/\/secure.gravatar.com\/avatar\/b29378878139d6c4e0d6018718f97743d0709b15e719ffba214a4b18dc7bf884?s=48&#038;d=mm&#038;r=g' srcset='https:\/\/secure.gravatar.com\/avatar\/b29378878139d6c4e0d6018718f97743d0709b15e719ffba214a4b18dc7bf884?s=96&#038;d=mm&#038;r=g 2x' class='avatar avatar-48 photo wp-block-avatar__image' height='48' width='48'  style=\"border-radius:100px;\"\/><\/a><\/div>\n\n<div style=\"font-size:14px;font-style:normal;font-weight:600;text-decoration:none;\" class=\"wp-block-post-author-name\"><a href=\"https:\/\/www.pragmawire.com\/en\/author\/admin\/\" target=\"_self\" class=\"wp-block-post-author-name__link\">PragmaWire<\/a><\/div>\n\n\n<hr class=\"wp-block-separator has-text-color has-foreground-alt-color has-alpha-channel-opacity has-foreground-alt-background-color has-background ext-animate--on wp-container-content-4daaf377\"\/>\n\n\n<div style=\"font-size:14px;text-transform:lowercase;\" class=\"wp-block-post-date\"><time datetime=\"2026-04-02T00:58:10+02:00\">2 days ago<\/time><\/div><\/div>\n<\/div>\n<\/div><\/div>\n\n<\/li><li data-wp-key=\"post-template-item-32\" class=\"wp-block-post post-32 post type-post status-publish format-standard has-post-thumbnail hentry category-novedades tag-destacado\">\n\n<div class=\"wp-block-media-text is-stacked-on-mobile is-image-fill-element is-style-ext-preset--media-text--natural-1--card-1 ext-animate--on has-tertiary-background-color has-background is-style-ext-preset--media-text--natural-1--card-1--4\" style=\"grid-template-columns:33% auto\"><figure  class=\"wp-block-media-text__media\"><img data-recalc-dims=\"1\" loading=\"lazy\" decoding=\"async\" width=\"1470\" height=\"980\" data-attachment-id=\"31\" data-permalink=\"https:\/\/www.pragmawire.com\/en\/featured-image-0\/\" data-orig-file=\"https:\/\/i0.wp.com\/www.pragmawire.com\/wp-content\/uploads\/2026\/04\/featured-image-0.jpg?fit=1470%2C980&amp;ssl=1\" data-orig-size=\"1470,980\" data-comments-opened=\"1\" data-image-meta=\"{&quot;aperture&quot;:&quot;0&quot;,&quot;credit&quot;:&quot;&quot;,&quot;camera&quot;:&quot;&quot;,&quot;caption&quot;:&quot;&quot;,&quot;created_timestamp&quot;:&quot;0&quot;,&quot;copyright&quot;:&quot;&quot;,&quot;focal_length&quot;:&quot;0&quot;,&quot;iso&quot;:&quot;0&quot;,&quot;shutter_speed&quot;:&quot;0&quot;,&quot;title&quot;:&quot;&quot;,&quot;orientation&quot;:&quot;0&quot;}\" data-image-title=\"featured-image-0\" data-image-description=\"\" data-image-caption=\"\" data-medium-file=\"https:\/\/i0.wp.com\/www.pragmawire.com\/wp-content\/uploads\/2026\/04\/featured-image-0.jpg?fit=300%2C200&amp;ssl=1\" data-large-file=\"https:\/\/i0.wp.com\/www.pragmawire.com\/wp-content\/uploads\/2026\/04\/featured-image-0.jpg?fit=1024%2C683&amp;ssl=1\" alt=\"\" src=\"https:\/\/i0.wp.com\/www.pragmawire.com\/wp-content\/uploads\/2026\/04\/featured-image-0.jpg?resize=1470%2C980&#038;ssl=1\" style=\"object-position:50% 50%;\" class=\"wp-image-31 size-full\" srcset=\"https:\/\/i0.wp.com\/www.pragmawire.com\/wp-content\/uploads\/2026\/04\/featured-image-0.jpg?w=1470&amp;ssl=1 1470w, https:\/\/i0.wp.com\/www.pragmawire.com\/wp-content\/uploads\/2026\/04\/featured-image-0.jpg?resize=300%2C200&amp;ssl=1 300w, https:\/\/i0.wp.com\/www.pragmawire.com\/wp-content\/uploads\/2026\/04\/featured-image-0.jpg?resize=1024%2C683&amp;ssl=1 1024w, https:\/\/i0.wp.com\/www.pragmawire.com\/wp-content\/uploads\/2026\/04\/featured-image-0.jpg?resize=768%2C512&amp;ssl=1 768w, https:\/\/i0.wp.com\/www.pragmawire.com\/wp-content\/uploads\/2026\/04\/featured-image-0.jpg?resize=18%2C12&amp;ssl=1 18w\" sizes=\"auto, (max-width: 1000px) 100vw, 1000px\" \/><\/figure><div class=\"wp-block-media-text__content\">\n<div class=\"wp-block-group is-style-default ext-animate--on is-layout-flow wp-block-group-is-layout-flow\"><div style=\"font-size:14px;font-style:normal;font-weight:600\" class=\"taxonomy-category has-link-color wp-elements-0b88878ed07489674acf66d42f03c23b wp-block-post-terms\"><a href=\"https:\/\/www.pragmawire.com\/en\/category\/novedades\/\" rel=\"tag\">Novedades<\/a><\/div>\n\n<h3 style=\"font-size:clamp(0.984rem, 0.984rem + ((1vw - 0.2rem) * 0.86), 1.5rem); margin-bottom:8px;margin-top:12px;\" class=\"wp-block-post-title\"><a href=\"https:\/\/www.pragmawire.com\/en\/que-es-una-passkey\/\" target=\"_self\" >Qu\u00e9 es una Passkey y por qu\u00e9 puede sustituir a muchas contrase\u00f1as<\/a><\/h3>\n\n<div style=\"margin-top:8px;margin-bottom:0;\" class=\"wp-block-post-excerpt has-small-font-size\"><p class=\"wp-block-post-excerpt__excerpt\">La contrase\u00f1a lleva con nosotros tanto tiempo que parece una ley de la naturaleza. Crear una clave, olvidarla, restablecerla, repetirla en varios sitios y vivir con la sospecha de que un d\u00eda&hellip;<\/p><p class=\"wp-block-post-excerpt__more-text\"><a class=\"wp-block-post-excerpt__more-link\" href=\"https:\/\/www.pragmawire.com\/en\/que-es-una-passkey\/\">Leer m<\/a><\/p><\/div>\n\n\n<div class=\"wp-block-group ext-animate--on is-nowrap is-layout-flex wp-container-core-group-is-layout-3d15ce75 wp-block-group-is-layout-flex\" style=\"margin-top:24px;padding-top:0;padding-right:0;padding-bottom:0;padding-left:0\"><div class=\"wp-block-avatar\"><a href=\"https:\/\/www.pragmawire.com\/en\/author\/admin\/\" target=\"_self\"  class=\"wp-block-avatar__link\"><img alt='PragmaWire Avatar' src='https:\/\/secure.gravatar.com\/avatar\/b29378878139d6c4e0d6018718f97743d0709b15e719ffba214a4b18dc7bf884?s=48&#038;d=mm&#038;r=g' srcset='https:\/\/secure.gravatar.com\/avatar\/b29378878139d6c4e0d6018718f97743d0709b15e719ffba214a4b18dc7bf884?s=96&#038;d=mm&#038;r=g 2x' class='avatar avatar-48 photo wp-block-avatar__image' height='48' width='48'  style=\"border-radius:100px;\"\/><\/a><\/div>\n\n<div style=\"font-size:14px;font-style:normal;font-weight:600;text-decoration:none;\" class=\"wp-block-post-author-name\"><a href=\"https:\/\/www.pragmawire.com\/en\/author\/admin\/\" target=\"_self\" class=\"wp-block-post-author-name__link\">PragmaWire<\/a><\/div>\n\n\n<hr class=\"wp-block-separator has-text-color has-foreground-alt-color has-alpha-channel-opacity has-foreground-alt-background-color has-background ext-animate--on wp-container-content-4daaf377\"\/>\n\n\n<div style=\"font-size:14px;text-transform:lowercase;\" class=\"wp-block-post-date\"><time datetime=\"2026-04-02T00:57:56+02:00\">2 days ago<\/time><\/div><\/div>\n<\/div>\n<\/div><\/div>\n\n<\/li><\/ul>\n\n<\/div>\n\n\n\n<div class=\"wp-block-buttons alignwide ext-animate--on is-content-justification-center is-layout-flex wp-container-core-buttons-is-layout-a89b3969 wp-block-buttons-is-layout-flex\">\n<div class=\"wp-block-button is-style-ext-preset--button--natural-1--button-1 ext-animate--on is-style-ext-preset--button--natural-1--button-1--6\"><a class=\"wp-block-button__link wp-element-button\" href=\"#extendify-blog\">Ver todo<\/a><\/div>\n<\/div>\n<\/div>","protected":false},"excerpt":{"rendered":"","protected":false},"author":1,"featured_media":0,"parent":29,"menu_order":1,"comment_status":"closed","ping_status":"closed","template":"page-with-title","meta":{"googlesitekit_rrm_CAowqfTKDA:productID":"","footnotes":""},"class_list":["post-301","page","type-page","status-publish","hentry"],"yoast_head":"<!-- This site is optimized with the Yoast SEO plugin v27.3 - https:\/\/yoast.com\/product\/yoast-seo-wordpress\/ -->\n<title>Novedades - PragmaWire<\/title>\n<meta name=\"description\" content=\"Aqu\u00ed encontrar\u00e1s todas las novedades y noticias de actualidad que vamos publicando en nuestra web. Para ayudarte siempre en los que necesites.\" \/>\n<meta name=\"robots\" content=\"index, follow, max-snippet:-1, max-image-preview:large, max-video-preview:-1\" \/>\n<link rel=\"canonical\" href=\"https:\/\/www.pragmawire.com\/en\/inicio\/novedades\/\" \/>\n<meta property=\"og:locale\" content=\"en_US\" \/>\n<meta property=\"og:type\" content=\"article\" \/>\n<meta property=\"og:title\" content=\"Novedades - PragmaWire\" \/>\n<meta property=\"og:description\" content=\"Aqu\u00ed encontrar\u00e1s todas las novedades y noticias de actualidad que vamos publicando en nuestra web. Para ayudarte siempre en los que necesites.\" \/>\n<meta property=\"og:url\" content=\"https:\/\/www.pragmawire.com\/en\/inicio\/novedades\/\" \/>\n<meta property=\"og:site_name\" content=\"PragmaWire\" \/>\n<meta property=\"article:modified_time\" content=\"2026-04-04T02:11:08+00:00\" \/>\n<meta name=\"twitter:card\" content=\"summary_large_image\" \/>\n<meta name=\"twitter:site\" content=\"@pragmawire\" \/>\n<meta name=\"twitter:label1\" content=\"Est. reading time\" \/>\n\t<meta name=\"twitter:data1\" content=\"1 minute\" \/>\n<script type=\"application\/ld+json\" class=\"yoast-schema-graph\">{\"@context\":\"https:\\\/\\\/schema.org\",\"@graph\":[{\"@type\":\"WebPage\",\"@id\":\"https:\\\/\\\/www.pragmawire.com\\\/inicio\\\/novedades\\\/\",\"url\":\"https:\\\/\\\/www.pragmawire.com\\\/inicio\\\/novedades\\\/\",\"name\":\"Novedades - PragmaWire\",\"isPartOf\":{\"@id\":\"https:\\\/\\\/pragmawire.com\\\/#website\"},\"datePublished\":\"2026-04-04T00:22:29+00:00\",\"dateModified\":\"2026-04-04T02:11:08+00:00\",\"description\":\"Aqu\u00ed encontrar\u00e1s todas las novedades y noticias de actualidad que vamos publicando en nuestra web. Para ayudarte siempre en los que necesites.\",\"breadcrumb\":{\"@id\":\"https:\\\/\\\/www.pragmawire.com\\\/inicio\\\/novedades\\\/#breadcrumb\"},\"inLanguage\":\"en-US\",\"potentialAction\":[{\"@type\":\"ReadAction\",\"target\":[\"https:\\\/\\\/www.pragmawire.com\\\/inicio\\\/novedades\\\/\"]}]},{\"@type\":\"BreadcrumbList\",\"@id\":\"https:\\\/\\\/www.pragmawire.com\\\/inicio\\\/novedades\\\/#breadcrumb\",\"itemListElement\":[{\"@type\":\"ListItem\",\"position\":1,\"name\":\"Portada\",\"item\":\"https:\\\/\\\/www.pragmawire.com\\\/\"},{\"@type\":\"ListItem\",\"position\":2,\"name\":\"Inicio\",\"item\":\"https:\\\/\\\/www.pragmawire.com\\\/\"},{\"@type\":\"ListItem\",\"position\":3,\"name\":\"Novedades\"}]},{\"@type\":\"WebSite\",\"@id\":\"https:\\\/\\\/pragmawire.com\\\/#website\",\"url\":\"https:\\\/\\\/pragmawire.com\\\/\",\"name\":\"PragmaWire\",\"description\":\"Soluciones tecnol\u00f3gicas para todos\",\"publisher\":{\"@id\":\"https:\\\/\\\/pragmawire.com\\\/#organization\"},\"potentialAction\":[{\"@type\":\"SearchAction\",\"target\":{\"@type\":\"EntryPoint\",\"urlTemplate\":\"https:\\\/\\\/pragmawire.com\\\/?s={search_term_string}\"},\"query-input\":{\"@type\":\"PropertyValueSpecification\",\"valueRequired\":true,\"valueName\":\"search_term_string\"}}],\"inLanguage\":\"en-US\"},{\"@type\":\"Organization\",\"@id\":\"https:\\\/\\\/pragmawire.com\\\/#organization\",\"name\":\"PragmaWire\",\"url\":\"https:\\\/\\\/pragmawire.com\\\/\",\"logo\":{\"@type\":\"ImageObject\",\"inLanguage\":\"en-US\",\"@id\":\"https:\\\/\\\/pragmawire.com\\\/#\\\/schema\\\/logo\\\/image\\\/\",\"url\":\"https:\\\/\\\/i0.wp.com\\\/www.pragmawire.com\\\/wp-content\\\/uploads\\\/2026\\\/04\\\/fc53c362c439d2e759e2741f1cd271c620fbcaac86be4e80463f4476dad72753.png?fit=1024%2C1024&ssl=1\",\"contentUrl\":\"https:\\\/\\\/i0.wp.com\\\/www.pragmawire.com\\\/wp-content\\\/uploads\\\/2026\\\/04\\\/fc53c362c439d2e759e2741f1cd271c620fbcaac86be4e80463f4476dad72753.png?fit=1024%2C1024&ssl=1\",\"width\":1024,\"height\":1024,\"caption\":\"PragmaWire\"},\"image\":{\"@id\":\"https:\\\/\\\/pragmawire.com\\\/#\\\/schema\\\/logo\\\/image\\\/\"},\"sameAs\":[\"https:\\\/\\\/x.com\\\/pragmawire\",\"https:\\\/\\\/x.com\\\/pragmawire?s=21\",\"https:\\\/\\\/pin.it\\\/1MvQcFwvb\"]}]}<\/script>\n<!-- \/ Yoast SEO plugin. -->","yoast_head_json":{"title":"Novedades - PragmaWire","description":"Aqu\u00ed encontrar\u00e1s todas las novedades y noticias de actualidad que vamos publicando en nuestra web. Para ayudarte siempre en los que necesites.","robots":{"index":"index","follow":"follow","max-snippet":"max-snippet:-1","max-image-preview":"max-image-preview:large","max-video-preview":"max-video-preview:-1"},"canonical":"https:\/\/www.pragmawire.com\/en\/inicio\/novedades\/","og_locale":"en_US","og_type":"article","og_title":"Novedades - PragmaWire","og_description":"Aqu\u00ed encontrar\u00e1s todas las novedades y noticias de actualidad que vamos publicando en nuestra web. Para ayudarte siempre en los que necesites.","og_url":"https:\/\/www.pragmawire.com\/en\/inicio\/novedades\/","og_site_name":"PragmaWire","article_modified_time":"2026-04-04T02:11:08+00:00","twitter_card":"summary_large_image","twitter_site":"@pragmawire","twitter_misc":{"Est. reading time":"1 minute"},"schema":{"@context":"https:\/\/schema.org","@graph":[{"@type":"WebPage","@id":"https:\/\/www.pragmawire.com\/inicio\/novedades\/","url":"https:\/\/www.pragmawire.com\/inicio\/novedades\/","name":"Novedades - PragmaWire","isPartOf":{"@id":"https:\/\/pragmawire.com\/#website"},"datePublished":"2026-04-04T00:22:29+00:00","dateModified":"2026-04-04T02:11:08+00:00","description":"Aqu\u00ed encontrar\u00e1s todas las novedades y noticias de actualidad que vamos publicando en nuestra web. Para ayudarte siempre en los que necesites.","breadcrumb":{"@id":"https:\/\/www.pragmawire.com\/inicio\/novedades\/#breadcrumb"},"inLanguage":"en-US","potentialAction":[{"@type":"ReadAction","target":["https:\/\/www.pragmawire.com\/inicio\/novedades\/"]}]},{"@type":"BreadcrumbList","@id":"https:\/\/www.pragmawire.com\/inicio\/novedades\/#breadcrumb","itemListElement":[{"@type":"ListItem","position":1,"name":"Portada","item":"https:\/\/www.pragmawire.com\/"},{"@type":"ListItem","position":2,"name":"Inicio","item":"https:\/\/www.pragmawire.com\/"},{"@type":"ListItem","position":3,"name":"Novedades"}]},{"@type":"WebSite","@id":"https:\/\/pragmawire.com\/#website","url":"https:\/\/pragmawire.com\/","name":"PragmaWire","description":"Soluciones tecnol\u00f3gicas para todos","publisher":{"@id":"https:\/\/pragmawire.com\/#organization"},"potentialAction":[{"@type":"SearchAction","target":{"@type":"EntryPoint","urlTemplate":"https:\/\/pragmawire.com\/?s={search_term_string}"},"query-input":{"@type":"PropertyValueSpecification","valueRequired":true,"valueName":"search_term_string"}}],"inLanguage":"en-US"},{"@type":"Organization","@id":"https:\/\/pragmawire.com\/#organization","name":"PragmaWire","url":"https:\/\/pragmawire.com\/","logo":{"@type":"ImageObject","inLanguage":"en-US","@id":"https:\/\/pragmawire.com\/#\/schema\/logo\/image\/","url":"https:\/\/i0.wp.com\/www.pragmawire.com\/wp-content\/uploads\/2026\/04\/fc53c362c439d2e759e2741f1cd271c620fbcaac86be4e80463f4476dad72753.png?fit=1024%2C1024&ssl=1","contentUrl":"https:\/\/i0.wp.com\/www.pragmawire.com\/wp-content\/uploads\/2026\/04\/fc53c362c439d2e759e2741f1cd271c620fbcaac86be4e80463f4476dad72753.png?fit=1024%2C1024&ssl=1","width":1024,"height":1024,"caption":"PragmaWire"},"image":{"@id":"https:\/\/pragmawire.com\/#\/schema\/logo\/image\/"},"sameAs":["https:\/\/x.com\/pragmawire","https:\/\/x.com\/pragmawire?s=21","https:\/\/pin.it\/1MvQcFwvb"]}]}},"jetpack_sharing_enabled":true,"jetpack-related-posts":[{"id":29,"url":"https:\/\/www.pragmawire.com\/en\/","url_meta":{"origin":301,"position":0},"title":"Inicio","author":"PragmaWire","date":"April 2, 2026","format":false,"excerpt":"Impulsa tu d\u00eda a d\u00eda con tecnolog\u00eda pr\u00e1ctica y eficiente En PragmaWire encontrar\u00e1s todas las novedades de la actualidad tecnol\u00f3gica y soluciones tecnol\u00f3gicas claras y aplicables para simplificar tu vida digital y profesional, destacando innovaci\u00f3n y utilidad real que marcan la diferencia. Saber m\u00e1s Comprometidos con brindar informaci\u00f3n accesible y\u2026","rel":"","context":"Similar post","block_context":{"text":"Similar post","link":""},"img":{"alt_text":"","src":"https:\/\/i0.wp.com\/www.pragmawire.com\/wp-content\/uploads\/2026\/04\/bf80c2a0b87517611ea0b77b13266fb33187f7e3.jpg?resize=350%2C200&ssl=1","width":350,"height":200,"srcset":"https:\/\/i0.wp.com\/www.pragmawire.com\/wp-content\/uploads\/2026\/04\/bf80c2a0b87517611ea0b77b13266fb33187f7e3.jpg?resize=350%2C200&ssl=1 1x, https:\/\/i0.wp.com\/www.pragmawire.com\/wp-content\/uploads\/2026\/04\/bf80c2a0b87517611ea0b77b13266fb33187f7e3.jpg?resize=525%2C300&ssl=1 1.5x, https:\/\/i0.wp.com\/www.pragmawire.com\/wp-content\/uploads\/2026\/04\/bf80c2a0b87517611ea0b77b13266fb33187f7e3.jpg?resize=700%2C400&ssl=1 2x, https:\/\/i0.wp.com\/www.pragmawire.com\/wp-content\/uploads\/2026\/04\/bf80c2a0b87517611ea0b77b13266fb33187f7e3.jpg?resize=1050%2C600&ssl=1 3x, https:\/\/i0.wp.com\/www.pragmawire.com\/wp-content\/uploads\/2026\/04\/bf80c2a0b87517611ea0b77b13266fb33187f7e3.jpg?resize=1400%2C800&ssl=1 4x"},"classes":[]}],"jetpack_likes_enabled":true,"jetpack_shortlink":"https:\/\/wp.me\/Phbdcy-4R","_links":{"self":[{"href":"https:\/\/www.pragmawire.com\/en\/wp-json\/wp\/v2\/pages\/301","targetHints":{"allow":["GET"]}}],"collection":[{"href":"https:\/\/www.pragmawire.com\/en\/wp-json\/wp\/v2\/pages"}],"about":[{"href":"https:\/\/www.pragmawire.com\/en\/wp-json\/wp\/v2\/types\/page"}],"author":[{"embeddable":true,"href":"https:\/\/www.pragmawire.com\/en\/wp-json\/wp\/v2\/users\/1"}],"replies":[{"embeddable":true,"href":"https:\/\/www.pragmawire.com\/en\/wp-json\/wp\/v2\/comments?post=301"}],"version-history":[{"count":22,"href":"https:\/\/www.pragmawire.com\/en\/wp-json\/wp\/v2\/pages\/301\/revisions"}],"predecessor-version":[{"id":377,"href":"https:\/\/www.pragmawire.com\/en\/wp-json\/wp\/v2\/pages\/301\/revisions\/377"}],"up":[{"embeddable":true,"href":"https:\/\/www.pragmawire.com\/en\/wp-json\/wp\/v2\/pages\/29"}],"wp:attachment":[{"href":"https:\/\/www.pragmawire.com\/en\/wp-json\/wp\/v2\/media?parent=301"}],"curies":[{"name":"wp","href":"https:\/\/api.w.org\/{rel}","templated":true}]}}