{"id":134,"date":"2026-04-03T20:51:54","date_gmt":"2026-04-03T18:51:54","guid":{"rendered":"https:\/\/www.pragmawire.com\/?page_id=134"},"modified":"2026-04-04T02:36:48","modified_gmt":"2026-04-04T00:36:48","slug":"politica-de-privacidad","status":"publish","type":"page","link":"https:\/\/www.pragmawire.com\/en\/inicio\/politica-de-privacidad\/","title":{"rendered":"Pol\u00edtica de privacidad"},"content":{"rendered":"<h2 class=\"wp-block-heading\">Qui\u00e9nes somos<\/h2>\n\n\n\n<p>La direcci\u00f3n de nuestra web es: https:\/\/www.pragmawire.com.<\/p>\n\n\n\n<h2 class=\"wp-block-heading\">Pol\u00edtica de privacidad<\/h2>\n\n\n\n<p>Una cadena an\u00f3nima creada a partir de tu direcci\u00f3n de correo electr\u00f3nico (tambi\u00e9n llamada hash) puede ser proporcionada al servicio de Gravatar para ver si la est\u00e1s usando. La pol\u00edtica de privacidad del servicio Gravatar est\u00e1 disponible aqu\u00ed: https:\/\/automattic.com\/privacy\/. Despu\u00e9s de la aprobaci\u00f3n de tu comentario, la imagen de tu perfil es visible para el p\u00fablico en el contexto de tu comentario.<\/p>\n\n\n\n<h2 class=\"wp-block-heading ext-animate--on\">Comentarios<\/h2>\n\n\n\n<p class=\"ext-animate--on\">Cuando los visitantes dejan comentarios en la web, recopilamos los datos que se muestran en el formulario de comentarios, as\u00ed como la direcci\u00f3n IP del visitante y la cadena de agentes de usuario del navegador para ayudar a la detecci\u00f3n de spam.<\/p>\n\n\n\n<h2 class=\"wp-block-heading\">Medios<\/h2>\n\n\n\n<p>Si subes im\u00e1genes a la web, deber\u00edas evitar subir im\u00e1genes con datos de ubicaci\u00f3n (GPS EXIF) incluidos. Los visitantes de la web pueden descargar y extraer cualquier dato de ubicaci\u00f3n de las im\u00e1genes de la web.<\/p>\n\n\n\n<h2 class=\"wp-block-heading\">Cookies<\/h2>\n\n\n\n<p>Si dejas un comentario en nuestro sitio puedes elegir guardar tu nombre, direcci\u00f3n de correo electr\u00f3nico y web en cookies. Esto es para tu comodidad, para que no tengas que volver a rellenar tus datos cuando dejes otro comentario. Estas cookies tendr\u00e1n una duraci\u00f3n de un a\u00f1o.<\/p>\n\n\n\n<p>Si tienes una cuenta y te conectas a este sitio, instalaremos una cookie temporal para determinar si tu navegador acepta cookies. Esta cookie no contiene datos personales y se elimina al cerrar el navegador.<\/p>\n\n\n\n<p>Cuando accedas, tambi\u00e9n instalaremos varias cookies para guardar tu informaci\u00f3n de acceso y tus opciones de visualizaci\u00f3n de pantalla. Las cookies de acceso duran dos d\u00edas, y las cookies de opciones de pantalla duran un a\u00f1o. Si seleccionas \u00abRecu\u00e9rdarme\u00bb, tu acceso perdurar\u00e1 durante dos semanas. Si sales de tu cuenta, las cookies de acceso se eliminar\u00e1n.<\/p>\n\n\n\n<p>Si editas o publicas un art\u00edculo se guardar\u00e1 una cookie adicional en tu navegador. Esta cookie no incluye datos personales y simplemente indica el ID del art\u00edculo que acabas de editar. Caduca despu\u00e9s de 1 d\u00eda.<\/p>\n\n\n\n<h2 class=\"wp-block-heading\">Contenido incrustado de otros sitios web<\/h2>\n\n\n\n<p>Los art\u00edculos de este sitio pueden incluir contenido incrustado (por ejemplo, v\u00eddeos, im\u00e1genes, art\u00edculos, etc.). El contenido incrustado de otras webs se comporta exactamente de la misma manera que si el visitante hubiera visitado la otra web.<\/p>\n\n\n\n<p>Estas web pueden recopilar datos sobre ti, utilizar cookies, incrustar un seguimiento adicional de terceros, y supervisar tu interacci\u00f3n con ese contenido incrustado, incluido el seguimiento de tu interacci\u00f3n con el contenido incrustado si tienes una cuenta y est\u00e1s conectado a esa web.<\/p>\n\n\n\n<h2 class=\"wp-block-heading\">Cu\u00e1nto tiempo conservamos tus datos<\/h2>\n\n\n\n<p>Si dejas un comentario, el comentario y sus metadatos se conservan indefinidamente. Esto es para que podamos reconocer y aprobar comentarios sucesivos autom\u00e1ticamente, en lugar de mantenerlos en una cola de moderaci\u00f3n.<\/p>\n\n\n\n<p>De los usuarios que se registran en nuestra web (si los hay), tambi\u00e9n almacenamos la informaci\u00f3n personal que proporcionan en su perfil de usuario. Todos los usuarios pueden ver, editar o eliminar su informaci\u00f3n personal en cualquier momento (excepto que no pueden cambiar su nombre de usuario). Los administradores de la web tambi\u00e9n pueden ver y editar esa informaci\u00f3n.<\/p>\n\n\n\n<h2 class=\"wp-block-heading\">Qu\u00e9 derechos tienes sobre tus datos<\/h2>\n\n\n\n<p>Si tienes una cuenta o has dejado comentarios en esta web, puedes solicitar recibir un archivo de exportaci\u00f3n de los datos personales que tenemos sobre ti, incluyendo cualquier dato que nos hayas proporcionado. Tambi\u00e9n puedes solicitar que eliminemos cualquier dato personal que tengamos sobre ti. Esto no incluye ning\u00fan dato que estemos obligados a conservar con fines administrativos, legales o de seguridad.<\/p>\n\n\n\n<h2 class=\"wp-block-heading\">Tratamiento de datos<\/h2>\n\n\n\n<p>Los comentarios de los visitantes puede que los revise un servicio de detecci\u00f3n autom\u00e1tica de spam.<\/p>\n\n\n\n<p class=\"ext-animate--on\">En cumplimiento de lo dispuesto en el Reglamento UE 2016\/679 del Parlamento Europeo y del Consejo de 27 de abril de 2016, relativo a la protecci\u00f3n de las personas f\u00edsicas en lo que respecta al tratamiento de datos personales y a la libre circulaci\u00f3n de estos datos (RGPD), te informamos que los datos que nos proporciones como usuario registrado se tratar\u00e1n para:<\/p>\n\n\n\n<ul class=\"wp-block-list ext-animate--on\">\n<li class=\"ext-animate--on\">Mantener activo tu perfil de usuario en nuestra plataforma, permitiendo interactuar y utilizar las diferentes herramientas que pongamos a tu disposici\u00f3n como usuario registrado. Tu perfil se mantendr\u00e1 activo mientras no curses la baja correspondiente.<\/li>\n\n\n\n<li class=\"ext-animate--on\">Si te suscribes a alguno de nuestros portales para recibir autom\u00e1ticamente las novedades que en ellos publiquemos, tu direcci\u00f3n de correo electr\u00f3nico se utilizar\u00e1 para hacerte llegar estas novedades.<\/li>\n\n\n\n<li class=\"ext-animate--on\">Si participas escribiendo comentarios se publicar\u00e1 tu nombre de usuario. No publicaremos en ning\u00fan caso tu direcci\u00f3n de correo electr\u00f3nico.<\/li>\n<\/ul>\n\n\n\n<p class=\"ext-animate--on\">Todos tus datos personales se guardan en servidores ubicados dentro de la Uni\u00f3n Europea y bajo medidas de seguridad espec\u00edficas que pretenden evitar el acceso no autorizado o la fuga de informaci\u00f3n.<\/p>\n\n\n\n<p class=\"ext-animate--on\">Adem\u00e1s, los datos personales que recabemos ser\u00e1n tratados de forma confidencial, aplic\u00e1ndose las medidas t\u00e9cnicas y organizativas establecidas en nuestra pol\u00edtica interna de seguridad; te informamos igualmente que se ha realizado un an\u00e1lisis de riesgos y una evaluaci\u00f3n de impacto para asegurarnos que protegemos la informaci\u00f3n de nuestros usuarios con la finalidad de evitar su acceso, manipulaci\u00f3n o eliminaci\u00f3n indebidas.<\/p>\n\n\n\n<p class=\"ext-animate--on\">La base jur\u00eddica de todos los tratamientos indicados anteriormente es la del consentimiento; guardaremos la informaci\u00f3n necesaria para acreditar que otorgaste los consentimientos correspondientes cuando te diste de alta con nosotros. Podr\u00e1s retirar en cualquier momento el consentimiento en tu perfil o solicitando la baja de tu cuenta.<\/p>\n\n\n\n<p class=\"ext-animate--on\">Te informamos igualmente que te asisten los derechos de acceso, rectificaci\u00f3n, oposici\u00f3n, supresi\u00f3n y limitaci\u00f3n del tratamiento sobre tus datos personales, pudiendo ejercerlos mediante escrito a la direcci\u00f3n del responsable. Tus datos los mantendremos mientras mantengas activo tu perfil; si te das de baja, procederemos a suprimir tu perfil y conservaremos tus datos personales durante un plazo de tiempo de 3 a\u00f1os para poder dar respuesta a las eventuales responsabilidades nacidas del tratamiento de tus datos personales.<\/p>\n\n\n\n<p class=\"ext-animate--on\">Todas las contribuciones (comentarios) que hayas realizado a nuestros portales se mantendr\u00e1n pero asociados a un usuario an\u00f3nimo denominado \u201cUsuario desactivado\u201d.<\/p>\n\n\n\n<p class=\"ext-animate--on\">Igualmente te informamos de la posibilidad de presentar una reclamaci\u00f3n ante la Agencia Espa\u00f1ola de Protecci\u00f3n de Datos en el caso de que consideres que el tratamiento de tus datos no est\u00e1 siendo adecuado.<\/p>\n\n\n\n<h2 class=\"wp-block-heading ext-animate--on\">Baja como usuario<\/h2>\n\n\n\n<p class=\"ext-animate--on\">Puedes solicitar la baja como usuario dentro de la configuraci\u00f3n de tu perfil.<\/p>\n\n\n\n<p class=\"ext-animate--on\">Al solicitar la baja como usuario suceder\u00e1n las siguientes cosas:<\/p>\n\n\n\n<ol class=\"wp-block-list ext-animate--on\">\n<li class=\"ext-animate--on\">Tu cuenta se desactivar\u00e1 y no podr\u00e1s recuperarla. No podr\u00e1s acceder a ella ni dejar comentarios ni votar.<\/li>\n\n\n\n<li class=\"ext-animate--on\">Si has publicado mensajes \u00e9stos se mantendr\u00e1n pero asociado a un usuario an\u00f3nimo denominado \u201cUsuario desactivado\u201d.<\/li>\n\n\n\n<li class=\"ext-animate--on\">Los datos aportados en tu registro los mantendremos durante 3 a\u00f1os \u00fanicamente para poder dar respuesta a las posibles responsabilidades nacidas del tratamiento de estos datos. No ser\u00e1n utilizando para ninguna otra finalidad. Una vez transcurrido este periodo de tiempo ser\u00e1n suprimidos.<\/li>\n\n\n\n<li class=\"ext-animate--on\">Las suscripciones a newsletters que tuvieras activas ser\u00e1n canceladas.<\/li>\n<\/ol>\n\n\n\n<h2 class=\"wp-block-heading ext-animate--on\">Tratamiento de datos de menores de edad<\/h2>\n\n\n\n<p class=\"ext-animate--on\">Nuestros servicios deben ser utilizados por mayores de 13 a\u00f1os, por lo que en el caso de que no tengas esta edad deber\u00e1s abstener de utilizarlos.<\/p>\n\n\n\n<p class=\"ext-animate--on\">Si detectamos un perfil de usuario menor de esta edad, podr\u00eda ser suspendido o bien se podr\u00e1 solicitar al usuario que acredite su edad para continuar usando el servicio.<\/p>\n\n\n\n<h2 class=\"wp-block-heading ext-animate--on\">Formulario de contacto<\/h2>\n\n\n\n<p class=\"ext-animate--on\">En nuestros portales existen formularios de contacto para poder hacernos llegar comentarios, sugerencias o propuestas. Estos formularios solicitan la informaci\u00f3n m\u00ednima imprescindible para poder atender estas solicitudes: tu nombre y tu email. Estos datos que nos facilites ser\u00e1n utilizando \u00fanicamente para dar respuesta a tu solicitud, siendo la base del tratamiento de estos datos el inter\u00e9s leg\u00edtimo existente entre la persona que nos escriba y nosotros.<\/p>\n\n\n\n<div class=\"wp-block-columns ext-animate--on is-layout-flex wp-container-core-columns-is-layout-28f84493 wp-block-columns-is-layout-flex\">\n<div class=\"wp-block-column is-layout-flow wp-block-column-is-layout-flow\" style=\"flex-basis:33.33%\">\n<p class=\"has-text-align-right ext-animate--on\">\u00daltima actualizaci\u00f3n:<\/p>\n<\/div>\n\n\n\n<div class=\"wp-block-column is-layout-flow wp-block-column-is-layout-flow\" style=\"flex-basis:66.66%\"><div class=\"ext-animate--on wp-block-post-date\"><time datetime=\"2026-04-03T23:45:57.865Z\">April 4, 2026<\/time><\/div><\/div>\n<\/div>","protected":false},"excerpt":{"rendered":"<p>Qui\u00e9nes somos La direcci\u00f3n de nuestra web es: https:\/\/www.pragmawire.com. Pol\u00edtica de privacidad Una cadena an\u00f3nima creada a partir de tu direcci\u00f3n de correo electr\u00f3nico (tambi\u00e9n llamada hash) puede ser proporcionada al servicio de Gravatar para ver si la est\u00e1s usando. La pol\u00edtica de privacidad del servicio Gravatar est\u00e1 disponible aqu\u00ed: https:\/\/automattic.com\/privacy\/. Despu\u00e9s de la aprobaci\u00f3n [&hellip;]<\/p>\n","protected":false},"author":1,"featured_media":0,"parent":29,"menu_order":0,"comment_status":"closed","ping_status":"closed","template":"page-with-title","meta":{"googlesitekit_rrm_CAowqfTKDA:productID":"","footnotes":""},"class_list":["post-134","page","type-page","status-publish","hentry"],"yoast_head":"<!-- This site is optimized with the Yoast SEO plugin v27.3 - https:\/\/yoast.com\/product\/yoast-seo-wordpress\/ -->\n<title>Pol\u00edtica de Privacidad y Protecci\u00f3n de Datos - PragmaWire<\/title>\n<meta name=\"description\" content=\"Explora la Pol\u00edtica de Privacidad para entender la recopilaci\u00f3n de datos y la protecci\u00f3n de tu informaci\u00f3n personal.\" \/>\n<meta name=\"robots\" content=\"index, follow, max-snippet:-1, max-image-preview:large, max-video-preview:-1\" \/>\n<link rel=\"canonical\" href=\"https:\/\/www.pragmawire.com\/en\/inicio\/politica-de-privacidad\/\" \/>\n<meta property=\"og:locale\" content=\"en_US\" \/>\n<meta property=\"og:type\" content=\"article\" \/>\n<meta property=\"og:title\" content=\"Pol\u00edtica de Privacidad y Protecci\u00f3n de Datos - PragmaWire\" \/>\n<meta property=\"og:description\" content=\"Explora la Pol\u00edtica de Privacidad para entender la recopilaci\u00f3n de datos y la protecci\u00f3n de tu informaci\u00f3n personal.\" \/>\n<meta property=\"og:url\" content=\"https:\/\/www.pragmawire.com\/en\/inicio\/politica-de-privacidad\/\" \/>\n<meta property=\"og:site_name\" content=\"PragmaWire\" \/>\n<meta property=\"article:modified_time\" content=\"2026-04-04T00:36:48+00:00\" \/>\n<meta name=\"twitter:card\" content=\"summary_large_image\" \/>\n<meta name=\"twitter:site\" content=\"@pragmawire\" \/>\n<script type=\"application\/ld+json\" class=\"yoast-schema-graph\">{\"@context\":\"https:\\\/\\\/schema.org\",\"@graph\":[{\"@type\":\"WebPage\",\"@id\":\"https:\\\/\\\/www.pragmawire.com\\\/inicio\\\/politica-de-privacidad\\\/\",\"url\":\"https:\\\/\\\/www.pragmawire.com\\\/inicio\\\/politica-de-privacidad\\\/\",\"name\":\"Pol\u00edtica de Privacidad y Protecci\u00f3n de Datos - PragmaWire\",\"isPartOf\":{\"@id\":\"https:\\\/\\\/pragmawire.com\\\/#website\"},\"datePublished\":\"2026-04-03T18:51:54+00:00\",\"dateModified\":\"2026-04-04T00:36:48+00:00\",\"description\":\"Explora la Pol\u00edtica de Privacidad para entender la recopilaci\u00f3n de datos y la protecci\u00f3n de tu informaci\u00f3n personal.\",\"breadcrumb\":{\"@id\":\"https:\\\/\\\/www.pragmawire.com\\\/inicio\\\/politica-de-privacidad\\\/#breadcrumb\"},\"inLanguage\":\"en-US\",\"potentialAction\":[{\"@type\":\"ReadAction\",\"target\":[\"https:\\\/\\\/www.pragmawire.com\\\/inicio\\\/politica-de-privacidad\\\/\"]}]},{\"@type\":\"BreadcrumbList\",\"@id\":\"https:\\\/\\\/www.pragmawire.com\\\/inicio\\\/politica-de-privacidad\\\/#breadcrumb\",\"itemListElement\":[{\"@type\":\"ListItem\",\"position\":1,\"name\":\"Portada\",\"item\":\"https:\\\/\\\/www.pragmawire.com\\\/\"},{\"@type\":\"ListItem\",\"position\":2,\"name\":\"Inicio\",\"item\":\"https:\\\/\\\/www.pragmawire.com\\\/\"},{\"@type\":\"ListItem\",\"position\":3,\"name\":\"Pol\u00edtica de privacidad\"}]},{\"@type\":\"WebSite\",\"@id\":\"https:\\\/\\\/pragmawire.com\\\/#website\",\"url\":\"https:\\\/\\\/pragmawire.com\\\/\",\"name\":\"PragmaWire\",\"description\":\"Soluciones tecnol\u00f3gicas para todos\",\"publisher\":{\"@id\":\"https:\\\/\\\/pragmawire.com\\\/#organization\"},\"potentialAction\":[{\"@type\":\"SearchAction\",\"target\":{\"@type\":\"EntryPoint\",\"urlTemplate\":\"https:\\\/\\\/pragmawire.com\\\/?s={search_term_string}\"},\"query-input\":{\"@type\":\"PropertyValueSpecification\",\"valueRequired\":true,\"valueName\":\"search_term_string\"}}],\"inLanguage\":\"en-US\"},{\"@type\":\"Organization\",\"@id\":\"https:\\\/\\\/pragmawire.com\\\/#organization\",\"name\":\"PragmaWire\",\"url\":\"https:\\\/\\\/pragmawire.com\\\/\",\"logo\":{\"@type\":\"ImageObject\",\"inLanguage\":\"en-US\",\"@id\":\"https:\\\/\\\/pragmawire.com\\\/#\\\/schema\\\/logo\\\/image\\\/\",\"url\":\"https:\\\/\\\/i0.wp.com\\\/www.pragmawire.com\\\/wp-content\\\/uploads\\\/2026\\\/04\\\/fc53c362c439d2e759e2741f1cd271c620fbcaac86be4e80463f4476dad72753.png?fit=1024%2C1024&ssl=1\",\"contentUrl\":\"https:\\\/\\\/i0.wp.com\\\/www.pragmawire.com\\\/wp-content\\\/uploads\\\/2026\\\/04\\\/fc53c362c439d2e759e2741f1cd271c620fbcaac86be4e80463f4476dad72753.png?fit=1024%2C1024&ssl=1\",\"width\":1024,\"height\":1024,\"caption\":\"PragmaWire\"},\"image\":{\"@id\":\"https:\\\/\\\/pragmawire.com\\\/#\\\/schema\\\/logo\\\/image\\\/\"},\"sameAs\":[\"https:\\\/\\\/x.com\\\/pragmawire\",\"https:\\\/\\\/x.com\\\/pragmawire?s=21\",\"https:\\\/\\\/pin.it\\\/1MvQcFwvb\"]}]}<\/script>\n<!-- \/ Yoast SEO plugin. -->","yoast_head_json":{"title":"Pol\u00edtica de Privacidad y Protecci\u00f3n de Datos - PragmaWire","description":"Explora la Pol\u00edtica de Privacidad para entender la recopilaci\u00f3n de datos y la protecci\u00f3n de tu informaci\u00f3n personal.","robots":{"index":"index","follow":"follow","max-snippet":"max-snippet:-1","max-image-preview":"max-image-preview:large","max-video-preview":"max-video-preview:-1"},"canonical":"https:\/\/www.pragmawire.com\/en\/inicio\/politica-de-privacidad\/","og_locale":"en_US","og_type":"article","og_title":"Pol\u00edtica de Privacidad y Protecci\u00f3n de Datos - PragmaWire","og_description":"Explora la Pol\u00edtica de Privacidad para entender la recopilaci\u00f3n de datos y la protecci\u00f3n de tu informaci\u00f3n personal.","og_url":"https:\/\/www.pragmawire.com\/en\/inicio\/politica-de-privacidad\/","og_site_name":"PragmaWire","article_modified_time":"2026-04-04T00:36:48+00:00","twitter_card":"summary_large_image","twitter_site":"@pragmawire","schema":{"@context":"https:\/\/schema.org","@graph":[{"@type":"WebPage","@id":"https:\/\/www.pragmawire.com\/inicio\/politica-de-privacidad\/","url":"https:\/\/www.pragmawire.com\/inicio\/politica-de-privacidad\/","name":"Pol\u00edtica de Privacidad y Protecci\u00f3n de Datos - PragmaWire","isPartOf":{"@id":"https:\/\/pragmawire.com\/#website"},"datePublished":"2026-04-03T18:51:54+00:00","dateModified":"2026-04-04T00:36:48+00:00","description":"Explora la Pol\u00edtica de Privacidad para entender la recopilaci\u00f3n de datos y la protecci\u00f3n de tu informaci\u00f3n personal.","breadcrumb":{"@id":"https:\/\/www.pragmawire.com\/inicio\/politica-de-privacidad\/#breadcrumb"},"inLanguage":"en-US","potentialAction":[{"@type":"ReadAction","target":["https:\/\/www.pragmawire.com\/inicio\/politica-de-privacidad\/"]}]},{"@type":"BreadcrumbList","@id":"https:\/\/www.pragmawire.com\/inicio\/politica-de-privacidad\/#breadcrumb","itemListElement":[{"@type":"ListItem","position":1,"name":"Portada","item":"https:\/\/www.pragmawire.com\/"},{"@type":"ListItem","position":2,"name":"Inicio","item":"https:\/\/www.pragmawire.com\/"},{"@type":"ListItem","position":3,"name":"Pol\u00edtica de privacidad"}]},{"@type":"WebSite","@id":"https:\/\/pragmawire.com\/#website","url":"https:\/\/pragmawire.com\/","name":"PragmaWire","description":"Soluciones tecnol\u00f3gicas para todos","publisher":{"@id":"https:\/\/pragmawire.com\/#organization"},"potentialAction":[{"@type":"SearchAction","target":{"@type":"EntryPoint","urlTemplate":"https:\/\/pragmawire.com\/?s={search_term_string}"},"query-input":{"@type":"PropertyValueSpecification","valueRequired":true,"valueName":"search_term_string"}}],"inLanguage":"en-US"},{"@type":"Organization","@id":"https:\/\/pragmawire.com\/#organization","name":"PragmaWire","url":"https:\/\/pragmawire.com\/","logo":{"@type":"ImageObject","inLanguage":"en-US","@id":"https:\/\/pragmawire.com\/#\/schema\/logo\/image\/","url":"https:\/\/i0.wp.com\/www.pragmawire.com\/wp-content\/uploads\/2026\/04\/fc53c362c439d2e759e2741f1cd271c620fbcaac86be4e80463f4476dad72753.png?fit=1024%2C1024&ssl=1","contentUrl":"https:\/\/i0.wp.com\/www.pragmawire.com\/wp-content\/uploads\/2026\/04\/fc53c362c439d2e759e2741f1cd271c620fbcaac86be4e80463f4476dad72753.png?fit=1024%2C1024&ssl=1","width":1024,"height":1024,"caption":"PragmaWire"},"image":{"@id":"https:\/\/pragmawire.com\/#\/schema\/logo\/image\/"},"sameAs":["https:\/\/x.com\/pragmawire","https:\/\/x.com\/pragmawire?s=21","https:\/\/pin.it\/1MvQcFwvb"]}]}},"jetpack_sharing_enabled":true,"jetpack-related-posts":[],"jetpack_likes_enabled":true,"jetpack_shortlink":"https:\/\/wp.me\/Phbdcy-2a","_links":{"self":[{"href":"https:\/\/www.pragmawire.com\/en\/wp-json\/wp\/v2\/pages\/134","targetHints":{"allow":["GET"]}}],"collection":[{"href":"https:\/\/www.pragmawire.com\/en\/wp-json\/wp\/v2\/pages"}],"about":[{"href":"https:\/\/www.pragmawire.com\/en\/wp-json\/wp\/v2\/types\/page"}],"author":[{"embeddable":true,"href":"https:\/\/www.pragmawire.com\/en\/wp-json\/wp\/v2\/users\/1"}],"replies":[{"embeddable":true,"href":"https:\/\/www.pragmawire.com\/en\/wp-json\/wp\/v2\/comments?post=134"}],"version-history":[{"count":37,"href":"https:\/\/www.pragmawire.com\/en\/wp-json\/wp\/v2\/pages\/134\/revisions"}],"predecessor-version":[{"id":285,"href":"https:\/\/www.pragmawire.com\/en\/wp-json\/wp\/v2\/pages\/134\/revisions\/285"}],"up":[{"embeddable":true,"href":"https:\/\/www.pragmawire.com\/en\/wp-json\/wp\/v2\/pages\/29"}],"wp:attachment":[{"href":"https:\/\/www.pragmawire.com\/en\/wp-json\/wp\/v2\/media?parent=134"}],"curies":[{"name":"wp","href":"https:\/\/api.w.org\/{rel}","templated":true}]}}